{"id":374,"date":"2017-04-12T16:18:54","date_gmt":"2017-04-12T16:18:54","guid":{"rendered":"http:\/\/www.centrosocialnsg.com\/v1\/?page_id=374"},"modified":"2022-04-27T02:42:00","modified_gmt":"2022-04-27T02:42:00","slug":"centro-de-dia","status":"publish","type":"page","link":"http:\/\/www.centrosocialnsg.com\/v1\/?page_id=374","title":{"rendered":"Centro de Dia"},"content":{"rendered":"\n<div class=\"inst\">\n<table>\n<tbody>\n<tr>\n<td width=\"20\" height=\"20\">&nbsp;<\/td>\n<td width=\"20\">&nbsp;<\/td>\n<td width=\"20\">&nbsp;<\/td>\n<td>&nbsp;<\/td>\n<\/tr>\n<tr>\n<td>&nbsp;<\/td>\n<td colspan=\"3\">\n<strong>O CSNSG \u00e9 um Centro de Dia?<\/strong>\n<\/td>\n<\/tr>\n<tr>\n<td>&nbsp;<\/td>\n<td>&nbsp;<\/td>\n<td colspan=\"2\">\n<p align=\"justify\">O Centro de Dia CSNSG \u00e9 um espa\u00e7o s\u00e9nior onde o seu familiar se encontrar\u00e1 ocupado durante todo o dia com atividades favor\u00e1veis a um envelhecimento ativo. \n<\/p>\n<\/td>\n<\/tr>\n<tr>\n\n<td>&nbsp;<\/td>\n<td colspan=\"3\">\n<strong>Qual o hor\u00e1rio?<\/strong>\n<\/td>\n<\/tr>\n<tr>\n<td>&nbsp;<\/td>\n<td>&nbsp;<\/td>\n<td colspan=\"2\">\n<p align=\"justify\">O Centro de Dia CSNSG encontra-se em atividade de segunda a sexta-feira, das 9h as 17h.<\/p>\n<\/td>\n<\/tr>\n\n<tr>\n<td>&nbsp;<\/td>\n<td colspan=\"3\">\n<strong>O que \u00e9 que o meu familiar vai fazer durante o dia?<\/strong>\n<\/td>\n<\/tr>\n<tr>\n<td>&nbsp;<\/td>\n<td>&nbsp;<\/td>\n<td colspan=\"2\">\n<p align=\"justify\">O espa\u00e7o est\u00e1 situado nas instala\u00e7\u00f5es do Centro Social Nossa Senhora das Gra\u00e7as, na Quinta de S\u00e3o Jo\u00e3o das Areias, rua E &#8211; Sacav\u00e9m e oferece uma grande variedade de atividades di\u00e1rias: \n<\/p>\n<ul><li>Atividade f\u00edsica e motora<\/li><li>Trabalhos manuais<\/li><li>Din\u00e2micas de grupo<\/li><li>Estimula\u00e7\u00e3o cognitiva<\/li><li>Apoio psicossocial<\/li><li>Anima\u00e7\u00e3o l\u00fadica com outras institui\u00e7\u00f5es da comunidade.<\/li><\/ul>\n<p align=\"justify\">Poder\u00e1 ainda usufruir, sempre que oportuno, de passeios\/caminhadas, desloca\u00e7\u00f5es a passeios exteriores, ida a exposi\u00e7\u00f5es e ao teatro etc.<\/p>\n<\/td>\n<\/tr>\n\n<tr>\n<td>&nbsp;<\/td>\n<td colspan=\"3\">\n<strong>Tenho que ir levar e ir buscar o meu familiar ao CSNSG?<\/strong>\n<\/td>\n<\/tr>\n<tr>\n<td>&nbsp;<\/td>\n<td>&nbsp;<\/td>\n<td colspan=\"2\">\n<p align=\"justify\">N\u00e3o! O Centro de Dia CSNSG possui servi\u00e7o de transporte de manh\u00e3 e ao fim da tarde, assim, n\u00e3o ter\u00e1 a obrigatoriedade de se deslocar para garantir que o seu familiar chega nas melhores condi\u00e7\u00f5es ao destino.<\/p>\n<\/td>\n<\/tr>\n\n<tr>\n<td>&nbsp;<\/td>\n<td colspan=\"3\">\n<strong>Os Servi\u00e7os prestados pelo Centro de Dia s\u00e3o?<\/strong>\n<\/td>\n<\/tr>\n<tr>\n<td>&nbsp;<\/td>\n<td>&nbsp;<\/td>\n<td colspan=\"2\">\n<ul><li>Alimenta\u00e7\u00e3o (Almo\u00e7o e Lanche)<\/li><li>Cuidados de Higiene e Conforto<\/li><li>Atividades de conv\u00edvio, ocupa\u00e7\u00e3o e anima\u00e7\u00e3o<\/li><\/ul>\n<p align=\"justify\">No caso de necessidade tamb\u00e9m prestamos os seguintes servi\u00e7os*:<\/p><ul><li>Servi\u00e7o de Transporte<\/li><li>Servi\u00e7o de Lavandaria (tratamento de roupa)<\/li><li>Servi\u00e7o de Enfermagem<\/li><li>Cuidados de Imagem (Cabeleireiro)<\/li><li>Jantar (sopa e sobremesa)<\/li><\/ul>\n<p align=\"justify\">* Estes servi\u00e7os s\u00e3o extra mensalidade.<\/p><\/td>\n<\/tr>\n\n<\/tbody>\n<\/table>\n<\/div>\n","protected":false},"excerpt":{"rendered":"<p>&nbsp; &nbsp; &nbsp; &nbsp; &nbsp; O CSNSG \u00e9 um Centro de Dia? &nbsp; &nbsp; O Centro de Dia CSNSG \u00e9 um espa\u00e7o s\u00e9nior onde o seu familiar se encontrar\u00e1 ocupado durante todo o dia com atividades favor\u00e1veis a um envelhecimento ativo. &nbsp; Qual o hor\u00e1rio? &nbsp; &nbsp; O Centro de [&hellip;]<\/p>\n","protected":false},"author":2,"featured_media":0,"parent":0,"menu_order":0,"comment_status":"closed","ping_status":"closed","template":"","meta":{"ngg_post_thumbnail":0,"footnotes":""},"class_list":["post-374","page","type-page","status-publish","hentry"],"_links":{"self":[{"href":"http:\/\/www.centrosocialnsg.com\/v1\/index.php?rest_route=\/wp\/v2\/pages\/374"}],"collection":[{"href":"http:\/\/www.centrosocialnsg.com\/v1\/index.php?rest_route=\/wp\/v2\/pages"}],"about":[{"href":"http:\/\/www.centrosocialnsg.com\/v1\/index.php?rest_route=\/wp\/v2\/types\/page"}],"author":[{"embeddable":true,"href":"http:\/\/www.centrosocialnsg.com\/v1\/index.php?rest_route=\/wp\/v2\/users\/2"}],"replies":[{"embeddable":true,"href":"http:\/\/www.centrosocialnsg.com\/v1\/index.php?rest_route=%2Fwp%2Fv2%2Fcomments&post=374"}],"version-history":[{"count":19,"href":"http:\/\/www.centrosocialnsg.com\/v1\/index.php?rest_route=\/wp\/v2\/pages\/374\/revisions"}],"predecessor-version":[{"id":475,"href":"http:\/\/www.centrosocialnsg.com\/v1\/index.php?rest_route=\/wp\/v2\/pages\/374\/revisions\/475"}],"wp:attachment":[{"href":"http:\/\/www.centrosocialnsg.com\/v1\/index.php?rest_route=%2Fwp%2Fv2%2Fmedia&parent=374"}],"curies":[{"name":"wp","href":"https:\/\/api.w.org\/{rel}","templated":true}]}}