{"id":372,"date":"2017-04-12T16:18:37","date_gmt":"2017-04-12T16:18:37","guid":{"rendered":"http:\/\/www.centrosocialnsg.com\/v1\/?page_id=372"},"modified":"2025-05-23T09:50:27","modified_gmt":"2025-05-23T09:50:27","slug":"estrutura-residencial-para-pessoas-idosas","status":"publish","type":"page","link":"http:\/\/www.centrosocialnsg.com\/v1\/?page_id=372","title":{"rendered":"Estrutura Residencial para Pessoas Idosas"},"content":{"rendered":"<div class=\"inst\">\n<table>\n<tbody>\n<tr>\n<td width=\"20\" height=\"20\">&nbsp;<\/td>\n<td width=\"20\">&nbsp;<\/td>\n<td width=\"20\">&nbsp;<\/td>\n<td>&nbsp;<\/td>\n<\/tr>\n<tr>\n<td colspan=\"4\">\n<h3>Servi\u00e7os Prestados<\/h3>\n<\/td>\n<\/tr>\n<tr>\n<td colspan=\"4\">\n<ul>\n<li><strong>Alojamento<\/strong><\/li>\n<\/ul>\n<\/td>\n<\/tr>\n<tr>\n<td>&nbsp;<\/td>\n<td>&nbsp;<\/td>\n<td colspan=\"2\">\n<p align=\"justify\">O \u201cCentro\u201d disp\u00f5e de quartos duplos e m\u00faltiplos;<\/p>\n<p>Compete \u00e0 dire\u00e7\u00e3o a atribui\u00e7\u00e3o dos quartos e, dentro destes, a localiza\u00e7\u00e3o do espa\u00e7o atribu\u00eddo a cada utente.<\/td>\n<\/tr>\n<tr>\n<td colspan=\"4\">\n<ul>\n<li><strong>Alimenta\u00e7\u00e3o<\/strong><\/li>\n<\/ul>\n<\/td>\n<\/tr>\n<tr>\n<td>&nbsp;<\/td>\n<td>&nbsp;<\/td>\n<td colspan=\"2\">\n<p align=\"justify\">A Alimenta\u00e7\u00e3o \u00e9 confecionada de acordo com as ementas definidas e afixadas no \u201cCentro\u201d, de acordo com os regimes diet\u00e9ticos estabelecidos por prescri\u00e7\u00e3o m\u00e9dica.<\/p>\n<p>As refei\u00e7\u00f5es s\u00e3o confecionadas nas nossas instala\u00e7\u00f5es e servidas na sala de refei\u00e7\u00f5es, nos hor\u00e1rios designados, salvo casos circunstanciais devidamente justificados e excecionais nomeadamente por motivo de doen\u00e7a.<\/td>\n<\/tr>\n<tr>\n<td colspan=\"4\">\n<ul>\n<li><strong>Cuidados de Higiene e Conforto<\/strong><\/li>\n<\/ul>\n<\/td>\n<\/tr>\n<tr>\n<td>&nbsp;<\/td>\n<td>&nbsp;<\/td>\n<td colspan=\"2\">\n<p align=\"justify\">O servi\u00e7o de higiene pessoal \u00e9 garantido \u00e0s utentes que dele necessitem, de forma personalizada, tendo em considera\u00e7\u00e3o as necessidades das utentes e a sua situa\u00e7\u00e3o de depend\u00eancia.<\/p>\n<\/td>\n<\/tr>\n<tr>\n<td colspan=\"4\">\n<ul>\n<li><strong>Tratamento de roupa<\/strong><\/li>\n<\/ul>\n<\/td>\n<\/tr>\n<tr>\n<td>&nbsp;<\/td>\n<td>&nbsp;<\/td>\n<td colspan=\"2\">\n<p align=\"justify\">A limpeza e arruma\u00e7\u00e3o das roupas das utentes \u00e9 da responsabilidade do servi\u00e7o de lavandaria do \u201cCentro\u201d.<\/p>\n<\/td>\n<\/tr>\n<tr>\n<td colspan=\"4\">\n<ul>\n<li><strong>Cuidados M\u00e9dicos e de Enfermagem<\/strong><\/li>\n<\/ul>\n<\/td>\n<\/tr>\n<tr>\n<td>&nbsp;<\/td>\n<td>&nbsp;<\/td>\n<td colspan=\"2\">\n<p align=\"justify\">Sempre que necess\u00e1rio as utentes ser\u00e3o consultadas pela m\u00e9dica de cl\u00ednica geral que se desloca ao \u201cCentro\u201d.<\/p>\n<p>As utentes continuam a usufruir da assist\u00eancia m\u00e9dica prestada pelos servi\u00e7os m\u00e9dicos que habitualmente usufru\u00eda (m\u00e9dico de fam\u00edlia, ou m\u00e9dico especialista), mas as desloca\u00e7\u00f5es ser\u00e3o das responsabilidades da utente e\/ou da fam\u00edlia.<\/p>\n<p>O Centro disp\u00f5e de cuidados de enfermagem 8 Horas\/dia, 7 Dias\/semana.<\/td>\n<\/tr>\n<tr>\n<td colspan=\"4\">\n<ul>\n<li><strong>Assist\u00eancia Medicamentosa e Farmac\u00eautica<\/strong><\/li>\n<\/ul>\n<\/td>\n<\/tr>\n<tr>\n<td>&nbsp;<\/td>\n<td>&nbsp;<\/td>\n<td colspan=\"2\">\n<p align=\"justify\">O \u201cCentro\u201d \u00e9 respons\u00e1vel pela administra\u00e7\u00e3o da medica\u00e7\u00e3o com prescri\u00e7\u00e3o m\u00e9dica das utentes.<\/p>\n<p>O \u201cCentro\u201d procede \u00e0 aquisi\u00e7\u00e3o dos medicamentos com prescri\u00e7\u00e3o m\u00e9dica, caso seja solicitado pela utente e\/ou pela fam\u00edlia.<\/td>\n<\/tr>\n<tr>\n<td colspan=\"4\">\n<ul>\n<li><strong>Servi\u00e7o Social<\/strong><\/li>\n<\/ul>\n<\/td>\n<\/tr>\n<tr>\n<td>&nbsp;<\/td>\n<td>&nbsp;<\/td>\n<td colspan=\"2\">\n<ul>\n<li>Acolhimento e integra\u00e7\u00e3o das utentes e familiares;<\/li>\n<li>Atendimento individualizado \u00e0s utentes e familiares;<\/li>\n<li>Apoio Psicossocial.<\/li>\n<\/ul>\n<\/td>\n<\/tr>\n<tr>\n<td colspan=\"4\">\n<ul>\n<li><strong>Atividades de Anima\u00e7\u00e3o Sociocultural<\/strong><\/li>\n<\/ul>\n<\/td>\n<\/tr>\n<tr>\n<td>&nbsp;<\/td>\n<td>&nbsp;<\/td>\n<td colspan=\"2\">\n<p align=\"justify\">O \u201cCentro\u201d proporciona um plano anual e semanal de atividades.<\/p>\n<p>O \u201cCentro\u201d promove a participa\u00e7\u00e3o das utentes nas atividades socioculturais e recreativas, de acordo com as suas possibilidades.<\/p>\n<p>Estas atividades pretendem promover o bem-estar e o conv\u00edvio das nossas utentes.<\/td>\n<\/tr>\n<tr>\n<td colspan=\"4\">\n<ul>\n<li><strong>Assist\u00eancia Religiosa<\/strong><\/li>\n<\/ul>\n<\/td>\n<\/tr>\n<tr>\n<td>&nbsp;<\/td>\n<td>&nbsp;<\/td>\n<td colspan=\"2\">\n<p align=\"justify\">O \u201cCentro\u201d disp\u00f5e de Capela nas instala\u00e7\u00f5es;<\/p>\n<p>Ora\u00e7\u00e3o do Ter\u00e7o: Segunda a Domingo das 17h30 \u00e0s 18h00<br \/>\nEucaristia: Domingo das 10h00 \u00e0s 11h00<\/td>\n<\/tr>\n<tr>\n<td colspan=\"4\">\n<ul>\n<li><strong>Cabeleireiro e Est\u00e9tica<\/strong><\/li>\n<\/ul>\n<\/td>\n<\/tr>\n<tr>\n<td>&nbsp;<\/td>\n<td>&nbsp;<\/td>\n<td colspan=\"2\">\n<p align=\"justify\">O Servi\u00e7o de cabeleireiro e est\u00e9tica \u00e9 realizado nas instala\u00e7\u00f5es do \u201ccentro\u201d, por marca\u00e7\u00e3o.<\/p>\n<\/td>\n<\/tr>\n<\/tbody>\n<\/table>\n<\/div>\n","protected":false},"excerpt":{"rendered":"<p>&nbsp; &nbsp; &nbsp; &nbsp; Servi\u00e7os Prestados Alojamento &nbsp; &nbsp; O \u201cCentro\u201d disp\u00f5e de quartos duplos e m\u00faltiplos; Compete \u00e0 dire\u00e7\u00e3o a atribui\u00e7\u00e3o dos quartos e, dentro destes, a localiza\u00e7\u00e3o do espa\u00e7o atribu\u00eddo a cada utente. Alimenta\u00e7\u00e3o &nbsp; &nbsp; A Alimenta\u00e7\u00e3o \u00e9 confecionada de acordo com as ementas definidas e afixadas [&hellip;]<\/p>\n","protected":false},"author":2,"featured_media":0,"parent":0,"menu_order":0,"comment_status":"closed","ping_status":"closed","template":"","meta":{"ngg_post_thumbnail":0,"footnotes":""},"class_list":["post-372","page","type-page","status-publish","hentry"],"_links":{"self":[{"href":"http:\/\/www.centrosocialnsg.com\/v1\/index.php?rest_route=\/wp\/v2\/pages\/372"}],"collection":[{"href":"http:\/\/www.centrosocialnsg.com\/v1\/index.php?rest_route=\/wp\/v2\/pages"}],"about":[{"href":"http:\/\/www.centrosocialnsg.com\/v1\/index.php?rest_route=\/wp\/v2\/types\/page"}],"author":[{"embeddable":true,"href":"http:\/\/www.centrosocialnsg.com\/v1\/index.php?rest_route=\/wp\/v2\/users\/2"}],"replies":[{"embeddable":true,"href":"http:\/\/www.centrosocialnsg.com\/v1\/index.php?rest_route=%2Fwp%2Fv2%2Fcomments&post=372"}],"version-history":[{"count":3,"href":"http:\/\/www.centrosocialnsg.com\/v1\/index.php?rest_route=\/wp\/v2\/pages\/372\/revisions"}],"predecessor-version":[{"id":505,"href":"http:\/\/www.centrosocialnsg.com\/v1\/index.php?rest_route=\/wp\/v2\/pages\/372\/revisions\/505"}],"wp:attachment":[{"href":"http:\/\/www.centrosocialnsg.com\/v1\/index.php?rest_route=%2Fwp%2Fv2%2Fmedia&parent=372"}],"curies":[{"name":"wp","href":"https:\/\/api.w.org\/{rel}","templated":true}]}}