{"id":27,"date":"2014-09-10T11:44:03","date_gmt":"2014-09-10T11:44:03","guid":{"rendered":"http:\/\/www.centrosocialnsg.com\/v1\/?page_id=27"},"modified":"2014-10-07T09:31:33","modified_gmt":"2014-10-07T08:31:33","slug":"horarios","status":"publish","type":"page","link":"http:\/\/www.centrosocialnsg.com\/v1\/?page_id=27","title":{"rendered":"Hor\u00e1rios"},"content":{"rendered":"<div class=\"inst\">\n<table border=\"0\">\n<tbody>\n<tr>\n<td width=\"25\" height=\"5\"><\/td>\n<td><\/td>\n<td><\/td>\n<td><\/td>\n<td><\/td>\n<\/tr>\n<tr>\n<td colspan=\"5\">\n<h3>Lar<\/h3>\n<\/td>\n<\/tr>\n<tr>\n<td><\/td>\n<td colspan=\"4\">Segunda a Domingo 24H\/ Dia<\/td>\n<\/tr>\n<tr>\n<td><\/td>\n<td colspan=\"4\">Visitas: Segunda a Domingo das 14h00 \u00e0s 18h30<\/td>\n<\/tr>\n<tr>\n<td><\/td>\n<td colspan=\"4\">Hor\u00e1rio de Sil\u00eancio: a partir das 22 Horas<\/td>\n<\/tr>\n<tr>\n<td><\/td>\n<td>Refei\u00e7\u00f5es:<\/td>\n<td align=\"right\" nowrap=\"nowrap\">Pequeno-almo\u00e7o:<\/td>\n<td align=\"right\" nowrap=\"nowrap\">8h00<\/td>\n<td width=\"60%\"><\/td>\n<\/tr>\n<tr>\n<td><\/td>\n<td><\/td>\n<td align=\"right\">Almo\u00e7o:<\/td>\n<td align=\"right\">12h00<\/td>\n<td><\/td>\n<\/tr>\n<tr>\n<td><\/td>\n<td><\/td>\n<td align=\"right\">Lanche:<\/td>\n<td align=\"right\">15h00<\/td>\n<td><\/td>\n<\/tr>\n<tr>\n<td><\/td>\n<td><\/td>\n<td align=\"right\">Jantar:<\/td>\n<td align=\"right\">18h00<\/td>\n<td><\/td>\n<\/tr>\n<tr>\n<td><\/td>\n<td><\/td>\n<td align=\"right\">Seia:<\/td>\n<td align=\"right\">21h00<\/td>\n<td><\/td>\n<\/tr>\n<tr>\n<td colspan=\"5\">\n<h3>Secretaria<\/h3>\n<\/td>\n<\/tr>\n<tr>\n<td><\/td>\n<td colspan=\"4\">Segunda a Sexta-Feira das 9h00 \u00e0s 13h00 \u2013 14h00 \u00e0s 16h00<\/td>\n<\/tr>\n<tr>\n<td colspan=\"5\">\n<h3>Servi\u00e7os Religiosos<\/h3>\n<\/td>\n<\/tr>\n<tr>\n<td><\/td>\n<td colspan=\"4\">Ora\u00e7\u00e3o do Ter\u00e7o \u2013 Segunda a Domingo das 17h30 \u00e0s 18h00<\/td>\n<\/tr>\n<tr>\n<td><\/td>\n<td colspan=\"4\">Eucaristia: Domingo 10h00 \u00e0s 11h00<\/td>\n<\/tr>\n<\/tbody>\n<\/table>\n<\/div>\n","protected":false},"excerpt":{"rendered":"<p>Lar Segunda a Domingo 24H\/ Dia Visitas: Segunda a Domingo das 14h00 \u00e0s 18h30 Hor\u00e1rio de Sil\u00eancio: a partir das 22 Horas Refei\u00e7\u00f5es: Pequeno-almo\u00e7o: 8h00 Almo\u00e7o: 12h00 Lanche: 15h00 Jantar: 18h00 Seia: 21h00 Secretaria Segunda a Sexta-Feira das 9h00 \u00e0s 13h00 \u2013 14h00 \u00e0s 16h00 Servi\u00e7os Religiosos Ora\u00e7\u00e3o do Ter\u00e7o [&hellip;]<\/p>\n","protected":false},"author":1,"featured_media":0,"parent":0,"menu_order":0,"comment_status":"open","ping_status":"open","template":"","meta":{"ngg_post_thumbnail":0,"footnotes":""},"class_list":["post-27","page","type-page","status-publish","hentry"],"_links":{"self":[{"href":"http:\/\/www.centrosocialnsg.com\/v1\/index.php?rest_route=\/wp\/v2\/pages\/27"}],"collection":[{"href":"http:\/\/www.centrosocialnsg.com\/v1\/index.php?rest_route=\/wp\/v2\/pages"}],"about":[{"href":"http:\/\/www.centrosocialnsg.com\/v1\/index.php?rest_route=\/wp\/v2\/types\/page"}],"author":[{"embeddable":true,"href":"http:\/\/www.centrosocialnsg.com\/v1\/index.php?rest_route=\/wp\/v2\/users\/1"}],"replies":[{"embeddable":true,"href":"http:\/\/www.centrosocialnsg.com\/v1\/index.php?rest_route=%2Fwp%2Fv2%2Fcomments&post=27"}],"version-history":[{"count":23,"href":"http:\/\/www.centrosocialnsg.com\/v1\/index.php?rest_route=\/wp\/v2\/pages\/27\/revisions"}],"predecessor-version":[{"id":229,"href":"http:\/\/www.centrosocialnsg.com\/v1\/index.php?rest_route=\/wp\/v2\/pages\/27\/revisions\/229"}],"wp:attachment":[{"href":"http:\/\/www.centrosocialnsg.com\/v1\/index.php?rest_route=%2Fwp%2Fv2%2Fmedia&parent=27"}],"curies":[{"name":"wp","href":"https:\/\/api.w.org\/{rel}","templated":true}]}}