{"id":184,"date":"2014-09-29T02:07:49","date_gmt":"2014-09-29T01:07:49","guid":{"rendered":"http:\/\/www.centrosocialnsg.com\/v1\/?page_id=184"},"modified":"2025-05-23T09:52:24","modified_gmt":"2025-05-23T09:52:24","slug":"formularios","status":"publish","type":"page","link":"http:\/\/www.centrosocialnsg.com\/v1\/?page_id=184","title":{"rendered":"Formul\u00e1rios"},"content":{"rendered":"<table>\n<tbody>\n<tr>\n<td height=\"15\">&nbsp;<\/td>\n<\/tr>\n<tr>\n<td><a title=\"Regulamento Interno\" href=\"http:\/\/www.centrosocialnsg.com\/files\/Regulamento_Interno_2012.pdf\" target=\"_blank\" rel=\"noopener\">Regulamento Interno<\/a><\/td>\n<\/tr>\n<tr>\n<td height=\"5\">&nbsp;<\/td>\n<\/tr>\n<tr>\n<td><a title=\"Ficha de pr\u00e9-inscri\u00e7\u00e3o nova utente\" href=\"http:\/\/www.centrosocialnsg.com\/v1\/wp-content\/uploads\/2025\/05\/83-00_Ficha_pre-inscricao_Nova_Utente.pdf\" target=\"_blank\" rel=\"noopener\">Ficha de pr\u00e9-inscri\u00e7\u00e3o nova utente<\/a><\/td>\n<\/tr>\n<tr>\n<td height=\"5\">&nbsp;<\/td>\n<\/tr>\n<tr>\n<td><a title=\"Peti\u00e7\u00e3o de emprego\" href=\"http:\/\/www.centrosocialnsg.com\/files\/Peti\u00e7\u00e3o_de_emprego.pdf\" target=\"_blank\" rel=\"noopener\">Peti\u00e7\u00e3o de emprego<\/a><\/td>\n<\/tr>\n<\/tbody>\n<\/table>\n\n\n<p><\/p>\n","protected":false},"excerpt":{"rendered":"<p>&nbsp; Regulamento Interno &nbsp; Ficha de pr\u00e9-inscri\u00e7\u00e3o nova utente &nbsp; Peti\u00e7\u00e3o de emprego<\/p>\n","protected":false},"author":1,"featured_media":0,"parent":23,"menu_order":0,"comment_status":"open","ping_status":"open","template":"","meta":{"ngg_post_thumbnail":0,"footnotes":""},"class_list":["post-184","page","type-page","status-publish","hentry"],"_links":{"self":[{"href":"http:\/\/www.centrosocialnsg.com\/v1\/index.php?rest_route=\/wp\/v2\/pages\/184"}],"collection":[{"href":"http:\/\/www.centrosocialnsg.com\/v1\/index.php?rest_route=\/wp\/v2\/pages"}],"about":[{"href":"http:\/\/www.centrosocialnsg.com\/v1\/index.php?rest_route=\/wp\/v2\/types\/page"}],"author":[{"embeddable":true,"href":"http:\/\/www.centrosocialnsg.com\/v1\/index.php?rest_route=\/wp\/v2\/users\/1"}],"replies":[{"embeddable":true,"href":"http:\/\/www.centrosocialnsg.com\/v1\/index.php?rest_route=%2Fwp%2Fv2%2Fcomments&post=184"}],"version-history":[{"count":15,"href":"http:\/\/www.centrosocialnsg.com\/v1\/index.php?rest_route=\/wp\/v2\/pages\/184\/revisions"}],"predecessor-version":[{"id":507,"href":"http:\/\/www.centrosocialnsg.com\/v1\/index.php?rest_route=\/wp\/v2\/pages\/184\/revisions\/507"}],"up":[{"embeddable":true,"href":"http:\/\/www.centrosocialnsg.com\/v1\/index.php?rest_route=\/wp\/v2\/pages\/23"}],"wp:attachment":[{"href":"http:\/\/www.centrosocialnsg.com\/v1\/index.php?rest_route=%2Fwp%2Fv2%2Fmedia&parent=184"}],"curies":[{"name":"wp","href":"https:\/\/api.w.org\/{rel}","templated":true}]}}